{"id":75874,"date":"2021-07-12T13:41:01","date_gmt":"2021-07-12T11:41:01","guid":{"rendered":"https:\/\/www.snc.com.tn\/?page_id=75874"},"modified":"2021-10-13T13:11:39","modified_gmt":"2021-10-13T11:11:39","slug":"about-snc","status":"publish","type":"page","link":"https:\/\/www.snc.com.tn\/en\/presentation\/about-snc\/","title":{"rendered":"ABOUT SNC"},"content":{"rendered":"<p>[vc_row css=&#8221;.vc_custom_1433564201242{margin-top: 20px !important;margin-bottom: 70px !important;}&#8221;][vc_column width=&#8221;1\/4&#8243;][vc_column_text][vc_widget_sidebar sidebar_id=&#8221;sidebar&#8221;][\/vc_column_text][\/vc_column][vc_column width=&#8221;3\/4&#8243;][vc_custom_heading text=&#8221;ABOUT SNC&#8221; font_container=&#8221;tag:h2|font_size:20|text_align:left|color:%23111111&#8243; el_class=&#8221;heading-title-3&#8243;][vc_column_text]The Soci\u00e9t\u00e9 Nouvelle de Construction is a company acting in the field of Buildings &amp; Public Works created in July 2010 as a subsidiary of the parent company INTERMETAL with more than 20 years of experience in the field of hot rolling of merchant bars and round bars. concrete without forgetting its membership of the Hedi BEN AYED group.<\/p>\n<p>SNC is managed by Adnene ABDELMOULA as Manager and Ahmed BELLAAJ as Technical Director who have more than 30 years in the field of Civil Engineering and Metal Construction.<\/p>\n<p>In addition, the technical staff of the company, made up of engineers, site supervisors, site managers, etc., has experience varying between 5 and 25 years.<\/p>\n<p>Since its foundation, SNC has given great importance to the quality of work execution and service with well-studied costs, which has allowed it to have a good reputation on the market and to conclude several major projects and therefore have several great references.[\/vc_column_text][vc_single_image image=&#8221;75597&#8243; img_size=&#8221;full&#8221;][vc_custom_heading text=&#8221;OUR MISSION&#8221; font_container=&#8221;tag:h2|font_size:20|text_align:left|color:%23111111&#8243; el_class=&#8221;heading-title-3&#8243; css=&#8221;.vc_custom_1626089954718{margin-top: 30px !important;}&#8221;][vc_row_inner el_class=&#8221;align-center .certifications-block&#8221;][vc_column_inner width=&#8221;1\/3&#8243;][vc_column_text]<img src=\"https:\/\/structure.thememove.com\/data\/homev2\/about03.jpg\" alt=\"structure\" \/><\/p>\n<h4>SECURITY<\/h4>\n<p>Safety is the most important of our core values. It is our first priority during every working day.[\/vc_column_text][\/vc_column_inner][vc_column_inner width=&#8221;1\/3&#8243;][vc_column_text]<img src=\"https:\/\/structure.thememove.com\/data\/homev2\/about04.jpg\" alt=\"structure\" \/><\/p>\n<h4>COMMUNITY<\/h4>\n<p>Community involvement and support are at the heart of our business.[\/vc_column_text][\/vc_column_inner][vc_column_inner width=&#8221;1\/3&#8243;][vc_column_text]<img src=\"https:\/\/structure.thememove.com\/data\/homev2\/about05.jpg\" alt=\"structure\" \/><\/p>\n<h4>DURABILITY<\/h4>\n<p>Structure&#8217;s commitment to green building and sustainability goes back a long way.[\/vc_column_text][\/vc_column_inner][\/vc_row_inner][\/vc_column][\/vc_row]<\/p>\n","protected":false},"excerpt":{"rendered":"<p>[vc_row css=&#8221;.vc_custom_1433564201242{margin-top: 20px !important;margin-bottom: 70px !important;}&#8221;][vc_column width=&#8221;1\/4&#8243;][vc_column_text][vc_widget_sidebar sidebar_id=&#8221;sidebar&#8221;][\/vc_column_text][\/vc_column][vc_column width=&#8221;3\/4&#8243;][vc_custom_heading text=&#8221;ABOUT SNC&#8221; font_container=&#8221;tag:h2|font_size:20|text_align:left|color:%23111111&#8243; el_class=&#8221;heading-title-3&#8243;][vc_column_text]The Soci\u00e9t\u00e9 Nouvelle de Construction is a company acting in the field of Buildings &amp; Public Works created in July 2010 as a subsidiary of the parent company INTERMETAL with more than 20 years of experience in the field of hot rolling of [&hellip;]<\/p>\n","protected":false},"author":1,"featured_media":0,"parent":75871,"menu_order":0,"comment_status":"closed","ping_status":"closed","template":"","meta":[],"yoast_head":"<!-- This site is optimized with the Yoast SEO plugin v17.5 - https:\/\/yoast.com\/wordpress\/plugins\/seo\/ -->\n<title>ABOUT SNC | SNC | Soci\u00e9t\u00e9 Nouvelle de Construction<\/title>\n<meta name=\"description\" content=\"snc tunisie, soci\u00e9t\u00e9 nouvelle de construction tunisie, production des produits sid\u00e9rurgiques tunisie, travaux de vrd tunisie, Trains de laminage tunisie, construction b\u00e2timent tunisie, travaux de g\u00e9nie civil tunisie, r\u00e9seaux divers tunisie, g\u00e9nie civil industriel tunisie, travaux de menuiseries en bois tunisie, :[fr]snc tunisia, the new construction company tunisia, production of steel products tunisia, vrd works tunisia, Rolling trains Tunisia, construction building tunisia, civil engineering works tunisia, various networks tunisia, industrial civil engineering tunisia, wooden carpentry work tunisia, :[En]snc \u062a\u0648\u0646\u0633\u060c \u0634\u0631\u0643\u0629 \u0627\u0644\u0628\u0646\u0627\u0621 \u0627\u0644\u062c\u062f\u064a\u062f\u0629 \u062a\u0648\u0646\u0633\u060c \u0627\u0646\u062a\u0627\u062c \u0645\u0646\u062a\u062c\u0627\u062a \u0627\u0644\u0635\u0644\u0628 \u0641\u064a \u062a\u0648\u0646\u0633\u060c \u0623\u0639\u0645\u0627\u0644 vrd \u062a\u0648\u0646\u0633\u060c \u0627\u0644\u0642\u0637\u0627\u0631\u0627\u062a \u0627\u0644\u0645\u062a\u062f\u062d\u0631\u062c\u0629 \u062a\u0648\u0646\u0633\u060c \u0628\u0646\u0627\u0621 \u0639\u0645\u0627\u0631\u0627\u062a \u062a\u0648\u0646\u0633\u060c \u0627\u0639\u0645\u0627\u0644 \u0627\u0644\u0647\u0646\u062f\u0633\u0629 \u0627\u0644\u0645\u062f\u0646\u064a\u0629 \u062a\u0648\u0646\u0633\u060c \u0645\u062e\u062a\u0644\u0641 \u0634\u0628\u0643\u0627\u062a \u062a\u0648\u0646\u0633\u060c \u0647\u0646\u062f\u0633\u0629 \u0645\u062f\u0646\u064a\u0629 \u0635\u0646\u0627\u0639\u064a\u0629 \u062a\u0648\u0646\u0633\u060c \u0646\u062c\u0627\u0631\u0629 \u062e\u0634\u0628\u064a\u0629 \u062a\u0648\u0646\u0633\u060c :[Ar]\" \/>\n<meta name=\"robots\" content=\"index, follow, max-snippet:-1, max-image-preview:large, max-video-preview:-1\" \/>\n<link rel=\"canonical\" href=\"https:\/\/www.snc.com.tn\/en\/presentation\/about-snc\/\" \/>\n<meta property=\"og:locale\" content=\"en_US\" \/>\n<meta property=\"og:type\" content=\"article\" \/>\n<meta property=\"og:title\" content=\"ABOUT SNC | SNC | Soci\u00e9t\u00e9 Nouvelle de Construction\" \/>\n<meta property=\"og:description\" content=\"snc tunisie, soci\u00e9t\u00e9 nouvelle de construction tunisie, production des produits sid\u00e9rurgiques tunisie, travaux de vrd tunisie, Trains de laminage tunisie, construction b\u00e2timent tunisie, travaux de g\u00e9nie civil tunisie, r\u00e9seaux divers tunisie, g\u00e9nie civil industriel tunisie, travaux de menuiseries en bois tunisie, :[fr]snc tunisia, the new construction company tunisia, production of steel products tunisia, vrd works tunisia, Rolling trains Tunisia, construction building tunisia, civil engineering works tunisia, various networks tunisia, industrial civil engineering tunisia, wooden carpentry work tunisia, :[En]snc \u062a\u0648\u0646\u0633\u060c \u0634\u0631\u0643\u0629 \u0627\u0644\u0628\u0646\u0627\u0621 \u0627\u0644\u062c\u062f\u064a\u062f\u0629 \u062a\u0648\u0646\u0633\u060c \u0627\u0646\u062a\u0627\u062c \u0645\u0646\u062a\u062c\u0627\u062a \u0627\u0644\u0635\u0644\u0628 \u0641\u064a \u062a\u0648\u0646\u0633\u060c \u0623\u0639\u0645\u0627\u0644 vrd \u062a\u0648\u0646\u0633\u060c \u0627\u0644\u0642\u0637\u0627\u0631\u0627\u062a \u0627\u0644\u0645\u062a\u062f\u062d\u0631\u062c\u0629 \u062a\u0648\u0646\u0633\u060c \u0628\u0646\u0627\u0621 \u0639\u0645\u0627\u0631\u0627\u062a \u062a\u0648\u0646\u0633\u060c \u0627\u0639\u0645\u0627\u0644 \u0627\u0644\u0647\u0646\u062f\u0633\u0629 \u0627\u0644\u0645\u062f\u0646\u064a\u0629 \u062a\u0648\u0646\u0633\u060c \u0645\u062e\u062a\u0644\u0641 \u0634\u0628\u0643\u0627\u062a \u062a\u0648\u0646\u0633\u060c \u0647\u0646\u062f\u0633\u0629 \u0645\u062f\u0646\u064a\u0629 \u0635\u0646\u0627\u0639\u064a\u0629 \u062a\u0648\u0646\u0633\u060c \u0646\u062c\u0627\u0631\u0629 \u062e\u0634\u0628\u064a\u0629 \u062a\u0648\u0646\u0633\u060c :[Ar]\" \/>\n<meta property=\"og:url\" content=\"https:\/\/www.snc.com.tn\/en\/presentation\/about-snc\/\" \/>\n<meta property=\"og:site_name\" content=\"SNC | Soci\u00e9t\u00e9 Nouvelle de Construction\" \/>\n<meta property=\"article:modified_time\" content=\"2021-10-13T11:11:39+00:00\" \/>\n<meta property=\"og:image\" content=\"https:\/\/structure.thememove.com\/data\/homev2\/about03.jpg\" \/>\n<meta name=\"twitter:card\" content=\"summary_large_image\" \/>\n<meta name=\"twitter:label1\" content=\"Est. reading time\" \/>\n\t<meta name=\"twitter:data1\" content=\"2 minutes\" \/>\n<script type=\"application\/ld+json\" class=\"yoast-schema-graph\">{\"@context\":\"https:\/\/schema.org\",\"@graph\":[{\"@type\":\"WebSite\",\"@id\":\"https:\/\/www.snc.com.tn\/#website\",\"url\":\"https:\/\/www.snc.com.tn\/\",\"name\":\"SNC | Soci\\u00e9t\\u00e9 Nouvelle de Construction\",\"description\":\"snc tunisie, soci\\u00e9t\\u00e9 nouvelle de construction tunisie, production des produits sid\\u00e9rurgiques tunisie, travaux de vrd tunisie, Trains de laminage tunisie, construction b\\u00e2timent tunisie, travaux de g\\u00e9nie civil tunisie, r\\u00e9seaux divers tunisie, g\\u00e9nie civil industriel tunisie, travaux de menuiseries en bois tunisie, :[fr]snc tunisia, the new construction company tunisia, production of steel products tunisia, vrd works tunisia, Rolling trains Tunisia, construction building tunisia, civil engineering works tunisia, various networks tunisia, industrial civil engineering tunisia, wooden carpentry work tunisia, :[En]snc \\u062a\\u0648\\u0646\\u0633\\u060c \\u0634\\u0631\\u0643\\u0629 \\u0627\\u0644\\u0628\\u0646\\u0627\\u0621 \\u0627\\u0644\\u062c\\u062f\\u064a\\u062f\\u0629 \\u062a\\u0648\\u0646\\u0633\\u060c \\u0627\\u0646\\u062a\\u0627\\u062c \\u0645\\u0646\\u062a\\u062c\\u0627\\u062a \\u0627\\u0644\\u0635\\u0644\\u0628 \\u0641\\u064a \\u062a\\u0648\\u0646\\u0633\\u060c \\u0623\\u0639\\u0645\\u0627\\u0644 vrd \\u062a\\u0648\\u0646\\u0633\\u060c \\u0627\\u0644\\u0642\\u0637\\u0627\\u0631\\u0627\\u062a \\u0627\\u0644\\u0645\\u062a\\u062f\\u062d\\u0631\\u062c\\u0629 \\u062a\\u0648\\u0646\\u0633\\u060c \\u0628\\u0646\\u0627\\u0621 \\u0639\\u0645\\u0627\\u0631\\u0627\\u062a \\u062a\\u0648\\u0646\\u0633\\u060c \\u0627\\u0639\\u0645\\u0627\\u0644 \\u0627\\u0644\\u0647\\u0646\\u062f\\u0633\\u0629 \\u0627\\u0644\\u0645\\u062f\\u0646\\u064a\\u0629 \\u062a\\u0648\\u0646\\u0633\\u060c \\u0645\\u062e\\u062a\\u0644\\u0641 \\u0634\\u0628\\u0643\\u0627\\u062a \\u062a\\u0648\\u0646\\u0633\\u060c \\u0647\\u0646\\u062f\\u0633\\u0629 \\u0645\\u062f\\u0646\\u064a\\u0629 \\u0635\\u0646\\u0627\\u0639\\u064a\\u0629 \\u062a\\u0648\\u0646\\u0633\\u060c \\u0646\\u062c\\u0627\\u0631\\u0629 \\u062e\\u0634\\u0628\\u064a\\u0629 \\u062a\\u0648\\u0646\\u0633\\u060c :[Ar]\",\"potentialAction\":[{\"@type\":\"SearchAction\",\"target\":{\"@type\":\"EntryPoint\",\"urlTemplate\":\"https:\/\/www.snc.com.tn\/?s={search_term_string}\"},\"query-input\":\"required name=search_term_string\"}],\"inLanguage\":\"en-US\"},{\"@type\":\"ImageObject\",\"@id\":\"https:\/\/www.snc.com.tn\/en\/presentation\/about-snc\/#primaryimage\",\"inLanguage\":\"en-US\",\"url\":\"https:\/\/structure.thememove.com\/data\/homev2\/about03.jpg\",\"contentUrl\":\"https:\/\/structure.thememove.com\/data\/homev2\/about03.jpg\"},{\"@type\":\"WebPage\",\"@id\":\"https:\/\/www.snc.com.tn\/en\/presentation\/about-snc\/#webpage\",\"url\":\"https:\/\/www.snc.com.tn\/en\/presentation\/about-snc\/\",\"name\":\"ABOUT SNC | SNC | Soci\\u00e9t\\u00e9 Nouvelle de Construction\",\"isPartOf\":{\"@id\":\"https:\/\/www.snc.com.tn\/#website\"},\"primaryImageOfPage\":{\"@id\":\"https:\/\/www.snc.com.tn\/en\/presentation\/about-snc\/#primaryimage\"},\"datePublished\":\"2021-07-12T11:41:01+00:00\",\"dateModified\":\"2021-10-13T11:11:39+00:00\",\"description\":\"snc tunisie, soci\\u00e9t\\u00e9 nouvelle de construction tunisie, production des produits sid\\u00e9rurgiques tunisie, travaux de vrd tunisie, Trains de laminage tunisie, construction b\\u00e2timent tunisie, travaux de g\\u00e9nie civil tunisie, r\\u00e9seaux divers tunisie, g\\u00e9nie civil industriel tunisie, travaux de menuiseries en bois tunisie, :[fr]snc tunisia, the new construction company tunisia, production of steel products tunisia, vrd works tunisia, Rolling trains Tunisia, construction building tunisia, civil engineering works tunisia, various networks tunisia, industrial civil engineering tunisia, wooden carpentry work tunisia, :[En]snc \\u062a\\u0648\\u0646\\u0633\\u060c \\u0634\\u0631\\u0643\\u0629 \\u0627\\u0644\\u0628\\u0646\\u0627\\u0621 \\u0627\\u0644\\u062c\\u062f\\u064a\\u062f\\u0629 \\u062a\\u0648\\u0646\\u0633\\u060c \\u0627\\u0646\\u062a\\u0627\\u062c \\u0645\\u0646\\u062a\\u062c\\u0627\\u062a \\u0627\\u0644\\u0635\\u0644\\u0628 \\u0641\\u064a \\u062a\\u0648\\u0646\\u0633\\u060c \\u0623\\u0639\\u0645\\u0627\\u0644 vrd \\u062a\\u0648\\u0646\\u0633\\u060c \\u0627\\u0644\\u0642\\u0637\\u0627\\u0631\\u0627\\u062a \\u0627\\u0644\\u0645\\u062a\\u062f\\u062d\\u0631\\u062c\\u0629 \\u062a\\u0648\\u0646\\u0633\\u060c \\u0628\\u0646\\u0627\\u0621 \\u0639\\u0645\\u0627\\u0631\\u0627\\u062a \\u062a\\u0648\\u0646\\u0633\\u060c \\u0627\\u0639\\u0645\\u0627\\u0644 \\u0627\\u0644\\u0647\\u0646\\u062f\\u0633\\u0629 \\u0627\\u0644\\u0645\\u062f\\u0646\\u064a\\u0629 \\u062a\\u0648\\u0646\\u0633\\u060c \\u0645\\u062e\\u062a\\u0644\\u0641 \\u0634\\u0628\\u0643\\u0627\\u062a \\u062a\\u0648\\u0646\\u0633\\u060c \\u0647\\u0646\\u062f\\u0633\\u0629 \\u0645\\u062f\\u0646\\u064a\\u0629 \\u0635\\u0646\\u0627\\u0639\\u064a\\u0629 \\u062a\\u0648\\u0646\\u0633\\u060c \\u0646\\u062c\\u0627\\u0631\\u0629 \\u062e\\u0634\\u0628\\u064a\\u0629 \\u062a\\u0648\\u0646\\u0633\\u060c :[Ar]\",\"breadcrumb\":{\"@id\":\"https:\/\/www.snc.com.tn\/en\/presentation\/about-snc\/#breadcrumb\"},\"inLanguage\":\"en-US\",\"potentialAction\":[{\"@type\":\"ReadAction\",\"target\":[\"https:\/\/www.snc.com.tn\/en\/presentation\/about-snc\/\"]}]},{\"@type\":\"BreadcrumbList\",\"@id\":\"https:\/\/www.snc.com.tn\/en\/presentation\/about-snc\/#breadcrumb\",\"itemListElement\":[{\"@type\":\"ListItem\",\"position\":1,\"name\":\"Accueil\",\"item\":\"https:\/\/www.snc.com.tn\/en\/\"},{\"@type\":\"ListItem\",\"position\":2,\"name\":\"Presentation\",\"item\":\"https:\/\/www.snc.com.tn\/en\/presentation\/\"},{\"@type\":\"ListItem\",\"position\":3,\"name\":\"ABOUT SNC\"}]}]}<\/script>\n<!-- \/ Yoast SEO plugin. -->","yoast_head_json":{"title":"ABOUT SNC | SNC | Soci\u00e9t\u00e9 Nouvelle de Construction","description":"snc tunisie, soci\u00e9t\u00e9 nouvelle de construction tunisie, production des produits sid\u00e9rurgiques tunisie, travaux de vrd tunisie, Trains de laminage tunisie, construction b\u00e2timent tunisie, travaux de g\u00e9nie civil tunisie, r\u00e9seaux divers tunisie, g\u00e9nie civil industriel tunisie, travaux de menuiseries en bois tunisie, :[fr]snc tunisia, the new construction company tunisia, production of steel products tunisia, vrd works tunisia, Rolling trains Tunisia, construction building tunisia, civil engineering works tunisia, various networks tunisia, industrial civil engineering tunisia, wooden carpentry work tunisia, :[En]snc \u062a\u0648\u0646\u0633\u060c \u0634\u0631\u0643\u0629 \u0627\u0644\u0628\u0646\u0627\u0621 \u0627\u0644\u062c\u062f\u064a\u062f\u0629 \u062a\u0648\u0646\u0633\u060c \u0627\u0646\u062a\u0627\u062c \u0645\u0646\u062a\u062c\u0627\u062a \u0627\u0644\u0635\u0644\u0628 \u0641\u064a \u062a\u0648\u0646\u0633\u060c \u0623\u0639\u0645\u0627\u0644 vrd \u062a\u0648\u0646\u0633\u060c \u0627\u0644\u0642\u0637\u0627\u0631\u0627\u062a \u0627\u0644\u0645\u062a\u062f\u062d\u0631\u062c\u0629 \u062a\u0648\u0646\u0633\u060c \u0628\u0646\u0627\u0621 \u0639\u0645\u0627\u0631\u0627\u062a \u062a\u0648\u0646\u0633\u060c \u0627\u0639\u0645\u0627\u0644 \u0627\u0644\u0647\u0646\u062f\u0633\u0629 \u0627\u0644\u0645\u062f\u0646\u064a\u0629 \u062a\u0648\u0646\u0633\u060c \u0645\u062e\u062a\u0644\u0641 \u0634\u0628\u0643\u0627\u062a \u062a\u0648\u0646\u0633\u060c \u0647\u0646\u062f\u0633\u0629 \u0645\u062f\u0646\u064a\u0629 \u0635\u0646\u0627\u0639\u064a\u0629 \u062a\u0648\u0646\u0633\u060c \u0646\u062c\u0627\u0631\u0629 \u062e\u0634\u0628\u064a\u0629 \u062a\u0648\u0646\u0633\u060c :[Ar]","robots":{"index":"index","follow":"follow","max-snippet":"max-snippet:-1","max-image-preview":"max-image-preview:large","max-video-preview":"max-video-preview:-1"},"canonical":"https:\/\/www.snc.com.tn\/en\/presentation\/about-snc\/","og_locale":"en_US","og_type":"article","og_title":"ABOUT SNC | SNC | Soci\u00e9t\u00e9 Nouvelle de Construction","og_description":"snc tunisie, soci\u00e9t\u00e9 nouvelle de construction tunisie, production des produits sid\u00e9rurgiques tunisie, travaux de vrd tunisie, Trains de laminage tunisie, construction b\u00e2timent tunisie, travaux de g\u00e9nie civil tunisie, r\u00e9seaux divers tunisie, g\u00e9nie civil industriel tunisie, travaux de menuiseries en bois tunisie, :[fr]snc tunisia, the new construction company tunisia, production of steel products tunisia, vrd works tunisia, Rolling trains Tunisia, construction building tunisia, civil engineering works tunisia, various networks tunisia, industrial civil engineering tunisia, wooden carpentry work tunisia, :[En]snc \u062a\u0648\u0646\u0633\u060c \u0634\u0631\u0643\u0629 \u0627\u0644\u0628\u0646\u0627\u0621 \u0627\u0644\u062c\u062f\u064a\u062f\u0629 \u062a\u0648\u0646\u0633\u060c \u0627\u0646\u062a\u0627\u062c \u0645\u0646\u062a\u062c\u0627\u062a \u0627\u0644\u0635\u0644\u0628 \u0641\u064a \u062a\u0648\u0646\u0633\u060c \u0623\u0639\u0645\u0627\u0644 vrd \u062a\u0648\u0646\u0633\u060c \u0627\u0644\u0642\u0637\u0627\u0631\u0627\u062a \u0627\u0644\u0645\u062a\u062f\u062d\u0631\u062c\u0629 \u062a\u0648\u0646\u0633\u060c \u0628\u0646\u0627\u0621 \u0639\u0645\u0627\u0631\u0627\u062a \u062a\u0648\u0646\u0633\u060c \u0627\u0639\u0645\u0627\u0644 \u0627\u0644\u0647\u0646\u062f\u0633\u0629 \u0627\u0644\u0645\u062f\u0646\u064a\u0629 \u062a\u0648\u0646\u0633\u060c \u0645\u062e\u062a\u0644\u0641 \u0634\u0628\u0643\u0627\u062a \u062a\u0648\u0646\u0633\u060c \u0647\u0646\u062f\u0633\u0629 \u0645\u062f\u0646\u064a\u0629 \u0635\u0646\u0627\u0639\u064a\u0629 \u062a\u0648\u0646\u0633\u060c \u0646\u062c\u0627\u0631\u0629 \u062e\u0634\u0628\u064a\u0629 \u062a\u0648\u0646\u0633\u060c :[Ar]","og_url":"https:\/\/www.snc.com.tn\/en\/presentation\/about-snc\/","og_site_name":"SNC | Soci\u00e9t\u00e9 Nouvelle de Construction","article_modified_time":"2021-10-13T11:11:39+00:00","og_image":[{"url":"https:\/\/structure.thememove.com\/data\/homev2\/about03.jpg"}],"twitter_card":"summary_large_image","twitter_misc":{"Est. reading time":"2 minutes"},"schema":{"@context":"https:\/\/schema.org","@graph":[{"@type":"WebSite","@id":"https:\/\/www.snc.com.tn\/#website","url":"https:\/\/www.snc.com.tn\/","name":"SNC | Soci\u00e9t\u00e9 Nouvelle de Construction","description":"snc tunisie, soci\u00e9t\u00e9 nouvelle de construction tunisie, production des produits sid\u00e9rurgiques tunisie, travaux de vrd tunisie, Trains de laminage tunisie, construction b\u00e2timent tunisie, travaux de g\u00e9nie civil tunisie, r\u00e9seaux divers tunisie, g\u00e9nie civil industriel tunisie, travaux de menuiseries en bois tunisie, :[fr]snc tunisia, the new construction company tunisia, production of steel products tunisia, vrd works tunisia, Rolling trains Tunisia, construction building tunisia, civil engineering works tunisia, various networks tunisia, industrial civil engineering tunisia, wooden carpentry work tunisia, :[En]snc \u062a\u0648\u0646\u0633\u060c \u0634\u0631\u0643\u0629 \u0627\u0644\u0628\u0646\u0627\u0621 \u0627\u0644\u062c\u062f\u064a\u062f\u0629 \u062a\u0648\u0646\u0633\u060c \u0627\u0646\u062a\u0627\u062c \u0645\u0646\u062a\u062c\u0627\u062a \u0627\u0644\u0635\u0644\u0628 \u0641\u064a \u062a\u0648\u0646\u0633\u060c \u0623\u0639\u0645\u0627\u0644 vrd \u062a\u0648\u0646\u0633\u060c \u0627\u0644\u0642\u0637\u0627\u0631\u0627\u062a \u0627\u0644\u0645\u062a\u062f\u062d\u0631\u062c\u0629 \u062a\u0648\u0646\u0633\u060c \u0628\u0646\u0627\u0621 \u0639\u0645\u0627\u0631\u0627\u062a \u062a\u0648\u0646\u0633\u060c \u0627\u0639\u0645\u0627\u0644 \u0627\u0644\u0647\u0646\u062f\u0633\u0629 \u0627\u0644\u0645\u062f\u0646\u064a\u0629 \u062a\u0648\u0646\u0633\u060c \u0645\u062e\u062a\u0644\u0641 \u0634\u0628\u0643\u0627\u062a \u062a\u0648\u0646\u0633\u060c \u0647\u0646\u062f\u0633\u0629 \u0645\u062f\u0646\u064a\u0629 \u0635\u0646\u0627\u0639\u064a\u0629 \u062a\u0648\u0646\u0633\u060c \u0646\u062c\u0627\u0631\u0629 \u062e\u0634\u0628\u064a\u0629 \u062a\u0648\u0646\u0633\u060c :[Ar]","potentialAction":[{"@type":"SearchAction","target":{"@type":"EntryPoint","urlTemplate":"https:\/\/www.snc.com.tn\/?s={search_term_string}"},"query-input":"required name=search_term_string"}],"inLanguage":"en-US"},{"@type":"ImageObject","@id":"https:\/\/www.snc.com.tn\/en\/presentation\/about-snc\/#primaryimage","inLanguage":"en-US","url":"https:\/\/structure.thememove.com\/data\/homev2\/about03.jpg","contentUrl":"https:\/\/structure.thememove.com\/data\/homev2\/about03.jpg"},{"@type":"WebPage","@id":"https:\/\/www.snc.com.tn\/en\/presentation\/about-snc\/#webpage","url":"https:\/\/www.snc.com.tn\/en\/presentation\/about-snc\/","name":"ABOUT SNC | SNC | Soci\u00e9t\u00e9 Nouvelle de Construction","isPartOf":{"@id":"https:\/\/www.snc.com.tn\/#website"},"primaryImageOfPage":{"@id":"https:\/\/www.snc.com.tn\/en\/presentation\/about-snc\/#primaryimage"},"datePublished":"2021-07-12T11:41:01+00:00","dateModified":"2021-10-13T11:11:39+00:00","description":"snc tunisie, soci\u00e9t\u00e9 nouvelle de construction tunisie, production des produits sid\u00e9rurgiques tunisie, travaux de vrd tunisie, Trains de laminage tunisie, construction b\u00e2timent tunisie, travaux de g\u00e9nie civil tunisie, r\u00e9seaux divers tunisie, g\u00e9nie civil industriel tunisie, travaux de menuiseries en bois tunisie, :[fr]snc tunisia, the new construction company tunisia, production of steel products tunisia, vrd works tunisia, Rolling trains Tunisia, construction building tunisia, civil engineering works tunisia, various networks tunisia, industrial civil engineering tunisia, wooden carpentry work tunisia, :[En]snc \u062a\u0648\u0646\u0633\u060c \u0634\u0631\u0643\u0629 \u0627\u0644\u0628\u0646\u0627\u0621 \u0627\u0644\u062c\u062f\u064a\u062f\u0629 \u062a\u0648\u0646\u0633\u060c \u0627\u0646\u062a\u0627\u062c \u0645\u0646\u062a\u062c\u0627\u062a \u0627\u0644\u0635\u0644\u0628 \u0641\u064a \u062a\u0648\u0646\u0633\u060c \u0623\u0639\u0645\u0627\u0644 vrd \u062a\u0648\u0646\u0633\u060c \u0627\u0644\u0642\u0637\u0627\u0631\u0627\u062a \u0627\u0644\u0645\u062a\u062f\u062d\u0631\u062c\u0629 \u062a\u0648\u0646\u0633\u060c \u0628\u0646\u0627\u0621 \u0639\u0645\u0627\u0631\u0627\u062a \u062a\u0648\u0646\u0633\u060c \u0627\u0639\u0645\u0627\u0644 \u0627\u0644\u0647\u0646\u062f\u0633\u0629 \u0627\u0644\u0645\u062f\u0646\u064a\u0629 \u062a\u0648\u0646\u0633\u060c \u0645\u062e\u062a\u0644\u0641 \u0634\u0628\u0643\u0627\u062a \u062a\u0648\u0646\u0633\u060c \u0647\u0646\u062f\u0633\u0629 \u0645\u062f\u0646\u064a\u0629 \u0635\u0646\u0627\u0639\u064a\u0629 \u062a\u0648\u0646\u0633\u060c \u0646\u062c\u0627\u0631\u0629 \u062e\u0634\u0628\u064a\u0629 \u062a\u0648\u0646\u0633\u060c :[Ar]","breadcrumb":{"@id":"https:\/\/www.snc.com.tn\/en\/presentation\/about-snc\/#breadcrumb"},"inLanguage":"en-US","potentialAction":[{"@type":"ReadAction","target":["https:\/\/www.snc.com.tn\/en\/presentation\/about-snc\/"]}]},{"@type":"BreadcrumbList","@id":"https:\/\/www.snc.com.tn\/en\/presentation\/about-snc\/#breadcrumb","itemListElement":[{"@type":"ListItem","position":1,"name":"Accueil","item":"https:\/\/www.snc.com.tn\/en\/"},{"@type":"ListItem","position":2,"name":"Presentation","item":"https:\/\/www.snc.com.tn\/en\/presentation\/"},{"@type":"ListItem","position":3,"name":"ABOUT SNC"}]}]}},"_links":{"self":[{"href":"https:\/\/www.snc.com.tn\/en\/wp-json\/wp\/v2\/pages\/75874"}],"collection":[{"href":"https:\/\/www.snc.com.tn\/en\/wp-json\/wp\/v2\/pages"}],"about":[{"href":"https:\/\/www.snc.com.tn\/en\/wp-json\/wp\/v2\/types\/page"}],"author":[{"embeddable":true,"href":"https:\/\/www.snc.com.tn\/en\/wp-json\/wp\/v2\/users\/1"}],"replies":[{"embeddable":true,"href":"https:\/\/www.snc.com.tn\/en\/wp-json\/wp\/v2\/comments?post=75874"}],"version-history":[{"count":3,"href":"https:\/\/www.snc.com.tn\/en\/wp-json\/wp\/v2\/pages\/75874\/revisions"}],"predecessor-version":[{"id":76474,"href":"https:\/\/www.snc.com.tn\/en\/wp-json\/wp\/v2\/pages\/75874\/revisions\/76474"}],"up":[{"embeddable":true,"href":"https:\/\/www.snc.com.tn\/en\/wp-json\/wp\/v2\/pages\/75871"}],"wp:attachment":[{"href":"https:\/\/www.snc.com.tn\/en\/wp-json\/wp\/v2\/media?parent=75874"}],"curies":[{"name":"wp","href":"https:\/\/api.w.org\/{rel}","templated":true}]}}