{"id":75871,"date":"2021-07-12T13:35:53","date_gmt":"2021-07-12T11:35:53","guid":{"rendered":"https:\/\/www.snc.com.tn\/?page_id=75871"},"modified":"2021-07-12T13:35:53","modified_gmt":"2021-07-12T11:35:53","slug":"presentation","status":"publish","type":"page","link":"https:\/\/www.snc.com.tn\/en\/presentation\/","title":{"rendered":"Presentation"},"content":{"rendered":"","protected":false},"excerpt":{"rendered":"","protected":false},"author":1,"featured_media":0,"parent":0,"menu_order":0,"comment_status":"closed","ping_status":"closed","template":"","meta":[],"yoast_head":"<!-- This site is optimized with the Yoast SEO plugin v17.5 - https:\/\/yoast.com\/wordpress\/plugins\/seo\/ -->\n<title>Presentation | SNC | Soci\u00e9t\u00e9 Nouvelle de Construction<\/title>\n<meta name=\"description\" content=\"snc tunisie, soci\u00e9t\u00e9 nouvelle de construction tunisie, production des produits sid\u00e9rurgiques tunisie, travaux de vrd tunisie, Trains de laminage tunisie, construction b\u00e2timent tunisie, travaux de g\u00e9nie civil tunisie, r\u00e9seaux divers tunisie, g\u00e9nie civil industriel tunisie, travaux de menuiseries en bois tunisie, :[fr]snc tunisia, the new construction company tunisia, production of steel products tunisia, vrd works tunisia, Rolling trains Tunisia, construction building tunisia, civil engineering works tunisia, various networks tunisia, industrial civil engineering tunisia, wooden carpentry work tunisia, :[En]snc \u062a\u0648\u0646\u0633\u060c \u0634\u0631\u0643\u0629 \u0627\u0644\u0628\u0646\u0627\u0621 \u0627\u0644\u062c\u062f\u064a\u062f\u0629 \u062a\u0648\u0646\u0633\u060c \u0627\u0646\u062a\u0627\u062c \u0645\u0646\u062a\u062c\u0627\u062a \u0627\u0644\u0635\u0644\u0628 \u0641\u064a \u062a\u0648\u0646\u0633\u060c \u0623\u0639\u0645\u0627\u0644 vrd \u062a\u0648\u0646\u0633\u060c \u0627\u0644\u0642\u0637\u0627\u0631\u0627\u062a \u0627\u0644\u0645\u062a\u062f\u062d\u0631\u062c\u0629 \u062a\u0648\u0646\u0633\u060c \u0628\u0646\u0627\u0621 \u0639\u0645\u0627\u0631\u0627\u062a \u062a\u0648\u0646\u0633\u060c \u0627\u0639\u0645\u0627\u0644 \u0627\u0644\u0647\u0646\u062f\u0633\u0629 \u0627\u0644\u0645\u062f\u0646\u064a\u0629 \u062a\u0648\u0646\u0633\u060c \u0645\u062e\u062a\u0644\u0641 \u0634\u0628\u0643\u0627\u062a \u062a\u0648\u0646\u0633\u060c \u0647\u0646\u062f\u0633\u0629 \u0645\u062f\u0646\u064a\u0629 \u0635\u0646\u0627\u0639\u064a\u0629 \u062a\u0648\u0646\u0633\u060c \u0646\u062c\u0627\u0631\u0629 \u062e\u0634\u0628\u064a\u0629 \u062a\u0648\u0646\u0633\u060c :[Ar]\" \/>\n<meta name=\"robots\" content=\"index, follow, max-snippet:-1, max-image-preview:large, max-video-preview:-1\" \/>\n<link rel=\"canonical\" href=\"https:\/\/www.snc.com.tn\/en\/presentation\/\" \/>\n<meta property=\"og:locale\" content=\"en_US\" \/>\n<meta property=\"og:type\" content=\"article\" \/>\n<meta property=\"og:title\" content=\"Presentation | SNC | Soci\u00e9t\u00e9 Nouvelle de Construction\" \/>\n<meta property=\"og:description\" content=\"snc tunisie, soci\u00e9t\u00e9 nouvelle de construction tunisie, production des produits sid\u00e9rurgiques tunisie, travaux de vrd tunisie, Trains de laminage tunisie, construction b\u00e2timent tunisie, travaux de g\u00e9nie civil tunisie, r\u00e9seaux divers tunisie, g\u00e9nie civil industriel tunisie, travaux de menuiseries en bois tunisie, :[fr]snc tunisia, the new construction company tunisia, production of steel products tunisia, vrd works tunisia, Rolling trains Tunisia, construction building tunisia, civil engineering works tunisia, various networks tunisia, industrial civil engineering tunisia, wooden carpentry work tunisia, :[En]snc \u062a\u0648\u0646\u0633\u060c \u0634\u0631\u0643\u0629 \u0627\u0644\u0628\u0646\u0627\u0621 \u0627\u0644\u062c\u062f\u064a\u062f\u0629 \u062a\u0648\u0646\u0633\u060c \u0627\u0646\u062a\u0627\u062c \u0645\u0646\u062a\u062c\u0627\u062a \u0627\u0644\u0635\u0644\u0628 \u0641\u064a \u062a\u0648\u0646\u0633\u060c \u0623\u0639\u0645\u0627\u0644 vrd \u062a\u0648\u0646\u0633\u060c \u0627\u0644\u0642\u0637\u0627\u0631\u0627\u062a \u0627\u0644\u0645\u062a\u062f\u062d\u0631\u062c\u0629 \u062a\u0648\u0646\u0633\u060c \u0628\u0646\u0627\u0621 \u0639\u0645\u0627\u0631\u0627\u062a \u062a\u0648\u0646\u0633\u060c \u0627\u0639\u0645\u0627\u0644 \u0627\u0644\u0647\u0646\u062f\u0633\u0629 \u0627\u0644\u0645\u062f\u0646\u064a\u0629 \u062a\u0648\u0646\u0633\u060c \u0645\u062e\u062a\u0644\u0641 \u0634\u0628\u0643\u0627\u062a \u062a\u0648\u0646\u0633\u060c \u0647\u0646\u062f\u0633\u0629 \u0645\u062f\u0646\u064a\u0629 \u0635\u0646\u0627\u0639\u064a\u0629 \u062a\u0648\u0646\u0633\u060c \u0646\u062c\u0627\u0631\u0629 \u062e\u0634\u0628\u064a\u0629 \u062a\u0648\u0646\u0633\u060c :[Ar]\" \/>\n<meta property=\"og:url\" content=\"https:\/\/www.snc.com.tn\/en\/presentation\/\" \/>\n<meta property=\"og:site_name\" content=\"SNC | Soci\u00e9t\u00e9 Nouvelle de Construction\" \/>\n<meta name=\"twitter:card\" content=\"summary_large_image\" \/>\n<script type=\"application\/ld+json\" class=\"yoast-schema-graph\">{\"@context\":\"https:\/\/schema.org\",\"@graph\":[{\"@type\":\"WebSite\",\"@id\":\"https:\/\/www.snc.com.tn\/#website\",\"url\":\"https:\/\/www.snc.com.tn\/\",\"name\":\"SNC | Soci\\u00e9t\\u00e9 Nouvelle de Construction\",\"description\":\"snc tunisie, soci\\u00e9t\\u00e9 nouvelle de construction tunisie, production des produits sid\\u00e9rurgiques tunisie, travaux de vrd tunisie, Trains de laminage tunisie, construction b\\u00e2timent tunisie, travaux de g\\u00e9nie civil tunisie, r\\u00e9seaux divers tunisie, g\\u00e9nie civil industriel tunisie, travaux de menuiseries en bois tunisie, :[fr]snc tunisia, the new construction company tunisia, production of steel products tunisia, vrd works tunisia, Rolling trains Tunisia, construction building tunisia, civil engineering works tunisia, various networks tunisia, industrial civil engineering tunisia, wooden carpentry work tunisia, :[En]snc \\u062a\\u0648\\u0646\\u0633\\u060c \\u0634\\u0631\\u0643\\u0629 \\u0627\\u0644\\u0628\\u0646\\u0627\\u0621 \\u0627\\u0644\\u062c\\u062f\\u064a\\u062f\\u0629 \\u062a\\u0648\\u0646\\u0633\\u060c \\u0627\\u0646\\u062a\\u0627\\u062c \\u0645\\u0646\\u062a\\u062c\\u0627\\u062a \\u0627\\u0644\\u0635\\u0644\\u0628 \\u0641\\u064a \\u062a\\u0648\\u0646\\u0633\\u060c \\u0623\\u0639\\u0645\\u0627\\u0644 vrd \\u062a\\u0648\\u0646\\u0633\\u060c \\u0627\\u0644\\u0642\\u0637\\u0627\\u0631\\u0627\\u062a \\u0627\\u0644\\u0645\\u062a\\u062f\\u062d\\u0631\\u062c\\u0629 \\u062a\\u0648\\u0646\\u0633\\u060c \\u0628\\u0646\\u0627\\u0621 \\u0639\\u0645\\u0627\\u0631\\u0627\\u062a \\u062a\\u0648\\u0646\\u0633\\u060c \\u0627\\u0639\\u0645\\u0627\\u0644 \\u0627\\u0644\\u0647\\u0646\\u062f\\u0633\\u0629 \\u0627\\u0644\\u0645\\u062f\\u0646\\u064a\\u0629 \\u062a\\u0648\\u0646\\u0633\\u060c \\u0645\\u062e\\u062a\\u0644\\u0641 \\u0634\\u0628\\u0643\\u0627\\u062a \\u062a\\u0648\\u0646\\u0633\\u060c \\u0647\\u0646\\u062f\\u0633\\u0629 \\u0645\\u062f\\u0646\\u064a\\u0629 \\u0635\\u0646\\u0627\\u0639\\u064a\\u0629 \\u062a\\u0648\\u0646\\u0633\\u060c \\u0646\\u062c\\u0627\\u0631\\u0629 \\u062e\\u0634\\u0628\\u064a\\u0629 \\u062a\\u0648\\u0646\\u0633\\u060c :[Ar]\",\"potentialAction\":[{\"@type\":\"SearchAction\",\"target\":{\"@type\":\"EntryPoint\",\"urlTemplate\":\"https:\/\/www.snc.com.tn\/?s={search_term_string}\"},\"query-input\":\"required name=search_term_string\"}],\"inLanguage\":\"en-US\"},{\"@type\":\"WebPage\",\"@id\":\"https:\/\/www.snc.com.tn\/en\/presentation\/#webpage\",\"url\":\"https:\/\/www.snc.com.tn\/en\/presentation\/\",\"name\":\"Presentation | SNC | Soci\\u00e9t\\u00e9 Nouvelle de Construction\",\"isPartOf\":{\"@id\":\"https:\/\/www.snc.com.tn\/#website\"},\"datePublished\":\"2021-07-12T11:35:53+00:00\",\"dateModified\":\"2021-07-12T11:35:53+00:00\",\"description\":\"snc tunisie, soci\\u00e9t\\u00e9 nouvelle de construction tunisie, production des produits sid\\u00e9rurgiques tunisie, travaux de vrd tunisie, Trains de laminage tunisie, construction b\\u00e2timent tunisie, travaux de g\\u00e9nie civil tunisie, r\\u00e9seaux divers tunisie, g\\u00e9nie civil industriel tunisie, travaux de menuiseries en bois tunisie, :[fr]snc tunisia, the new construction company tunisia, production of steel products tunisia, vrd works tunisia, Rolling trains Tunisia, construction building tunisia, civil engineering works tunisia, various networks tunisia, industrial civil engineering tunisia, wooden carpentry work tunisia, :[En]snc \\u062a\\u0648\\u0646\\u0633\\u060c \\u0634\\u0631\\u0643\\u0629 \\u0627\\u0644\\u0628\\u0646\\u0627\\u0621 \\u0627\\u0644\\u062c\\u062f\\u064a\\u062f\\u0629 \\u062a\\u0648\\u0646\\u0633\\u060c \\u0627\\u0646\\u062a\\u0627\\u062c \\u0645\\u0646\\u062a\\u062c\\u0627\\u062a \\u0627\\u0644\\u0635\\u0644\\u0628 \\u0641\\u064a \\u062a\\u0648\\u0646\\u0633\\u060c \\u0623\\u0639\\u0645\\u0627\\u0644 vrd \\u062a\\u0648\\u0646\\u0633\\u060c \\u0627\\u0644\\u0642\\u0637\\u0627\\u0631\\u0627\\u062a \\u0627\\u0644\\u0645\\u062a\\u062f\\u062d\\u0631\\u062c\\u0629 \\u062a\\u0648\\u0646\\u0633\\u060c \\u0628\\u0646\\u0627\\u0621 \\u0639\\u0645\\u0627\\u0631\\u0627\\u062a \\u062a\\u0648\\u0646\\u0633\\u060c \\u0627\\u0639\\u0645\\u0627\\u0644 \\u0627\\u0644\\u0647\\u0646\\u062f\\u0633\\u0629 \\u0627\\u0644\\u0645\\u062f\\u0646\\u064a\\u0629 \\u062a\\u0648\\u0646\\u0633\\u060c \\u0645\\u062e\\u062a\\u0644\\u0641 \\u0634\\u0628\\u0643\\u0627\\u062a \\u062a\\u0648\\u0646\\u0633\\u060c \\u0647\\u0646\\u062f\\u0633\\u0629 \\u0645\\u062f\\u0646\\u064a\\u0629 \\u0635\\u0646\\u0627\\u0639\\u064a\\u0629 \\u062a\\u0648\\u0646\\u0633\\u060c \\u0646\\u062c\\u0627\\u0631\\u0629 \\u062e\\u0634\\u0628\\u064a\\u0629 \\u062a\\u0648\\u0646\\u0633\\u060c :[Ar]\",\"breadcrumb\":{\"@id\":\"https:\/\/www.snc.com.tn\/en\/presentation\/#breadcrumb\"},\"inLanguage\":\"en-US\",\"potentialAction\":[{\"@type\":\"ReadAction\",\"target\":[\"https:\/\/www.snc.com.tn\/en\/presentation\/\"]}]},{\"@type\":\"BreadcrumbList\",\"@id\":\"https:\/\/www.snc.com.tn\/en\/presentation\/#breadcrumb\",\"itemListElement\":[{\"@type\":\"ListItem\",\"position\":1,\"name\":\"Accueil\",\"item\":\"https:\/\/www.snc.com.tn\/en\/\"},{\"@type\":\"ListItem\",\"position\":2,\"name\":\"Presentation\"}]}]}<\/script>\n<!-- \/ Yoast SEO plugin. -->","yoast_head_json":{"title":"Presentation | SNC | Soci\u00e9t\u00e9 Nouvelle de Construction","description":"snc tunisie, soci\u00e9t\u00e9 nouvelle de construction tunisie, production des produits sid\u00e9rurgiques tunisie, travaux de vrd tunisie, Trains de laminage tunisie, construction b\u00e2timent tunisie, travaux de g\u00e9nie civil tunisie, r\u00e9seaux divers tunisie, g\u00e9nie civil industriel tunisie, travaux de menuiseries en bois tunisie, :[fr]snc tunisia, the new construction company tunisia, production of steel products tunisia, vrd works tunisia, Rolling trains Tunisia, construction building tunisia, civil engineering works tunisia, various networks tunisia, industrial civil engineering tunisia, wooden carpentry work tunisia, :[En]snc \u062a\u0648\u0646\u0633\u060c \u0634\u0631\u0643\u0629 \u0627\u0644\u0628\u0646\u0627\u0621 \u0627\u0644\u062c\u062f\u064a\u062f\u0629 \u062a\u0648\u0646\u0633\u060c \u0627\u0646\u062a\u0627\u062c \u0645\u0646\u062a\u062c\u0627\u062a \u0627\u0644\u0635\u0644\u0628 \u0641\u064a \u062a\u0648\u0646\u0633\u060c \u0623\u0639\u0645\u0627\u0644 vrd \u062a\u0648\u0646\u0633\u060c \u0627\u0644\u0642\u0637\u0627\u0631\u0627\u062a \u0627\u0644\u0645\u062a\u062f\u062d\u0631\u062c\u0629 \u062a\u0648\u0646\u0633\u060c \u0628\u0646\u0627\u0621 \u0639\u0645\u0627\u0631\u0627\u062a \u062a\u0648\u0646\u0633\u060c \u0627\u0639\u0645\u0627\u0644 \u0627\u0644\u0647\u0646\u062f\u0633\u0629 \u0627\u0644\u0645\u062f\u0646\u064a\u0629 \u062a\u0648\u0646\u0633\u060c \u0645\u062e\u062a\u0644\u0641 \u0634\u0628\u0643\u0627\u062a \u062a\u0648\u0646\u0633\u060c \u0647\u0646\u062f\u0633\u0629 \u0645\u062f\u0646\u064a\u0629 \u0635\u0646\u0627\u0639\u064a\u0629 \u062a\u0648\u0646\u0633\u060c \u0646\u062c\u0627\u0631\u0629 \u062e\u0634\u0628\u064a\u0629 \u062a\u0648\u0646\u0633\u060c :[Ar]","robots":{"index":"index","follow":"follow","max-snippet":"max-snippet:-1","max-image-preview":"max-image-preview:large","max-video-preview":"max-video-preview:-1"},"canonical":"https:\/\/www.snc.com.tn\/en\/presentation\/","og_locale":"en_US","og_type":"article","og_title":"Presentation | SNC | Soci\u00e9t\u00e9 Nouvelle de Construction","og_description":"snc tunisie, soci\u00e9t\u00e9 nouvelle de construction tunisie, production des produits sid\u00e9rurgiques tunisie, travaux de vrd tunisie, Trains de laminage tunisie, construction b\u00e2timent tunisie, travaux de g\u00e9nie civil tunisie, r\u00e9seaux divers tunisie, g\u00e9nie civil industriel tunisie, travaux de menuiseries en bois tunisie, :[fr]snc tunisia, the new construction company tunisia, production of steel products tunisia, vrd works tunisia, Rolling trains Tunisia, construction building tunisia, civil engineering works tunisia, various networks tunisia, industrial civil engineering tunisia, wooden carpentry work tunisia, :[En]snc \u062a\u0648\u0646\u0633\u060c \u0634\u0631\u0643\u0629 \u0627\u0644\u0628\u0646\u0627\u0621 \u0627\u0644\u062c\u062f\u064a\u062f\u0629 \u062a\u0648\u0646\u0633\u060c \u0627\u0646\u062a\u0627\u062c \u0645\u0646\u062a\u062c\u0627\u062a \u0627\u0644\u0635\u0644\u0628 \u0641\u064a \u062a\u0648\u0646\u0633\u060c \u0623\u0639\u0645\u0627\u0644 vrd \u062a\u0648\u0646\u0633\u060c \u0627\u0644\u0642\u0637\u0627\u0631\u0627\u062a \u0627\u0644\u0645\u062a\u062f\u062d\u0631\u062c\u0629 \u062a\u0648\u0646\u0633\u060c \u0628\u0646\u0627\u0621 \u0639\u0645\u0627\u0631\u0627\u062a \u062a\u0648\u0646\u0633\u060c \u0627\u0639\u0645\u0627\u0644 \u0627\u0644\u0647\u0646\u062f\u0633\u0629 \u0627\u0644\u0645\u062f\u0646\u064a\u0629 \u062a\u0648\u0646\u0633\u060c \u0645\u062e\u062a\u0644\u0641 \u0634\u0628\u0643\u0627\u062a \u062a\u0648\u0646\u0633\u060c \u0647\u0646\u062f\u0633\u0629 \u0645\u062f\u0646\u064a\u0629 \u0635\u0646\u0627\u0639\u064a\u0629 \u062a\u0648\u0646\u0633\u060c \u0646\u062c\u0627\u0631\u0629 \u062e\u0634\u0628\u064a\u0629 \u062a\u0648\u0646\u0633\u060c :[Ar]","og_url":"https:\/\/www.snc.com.tn\/en\/presentation\/","og_site_name":"SNC | Soci\u00e9t\u00e9 Nouvelle de Construction","twitter_card":"summary_large_image","schema":{"@context":"https:\/\/schema.org","@graph":[{"@type":"WebSite","@id":"https:\/\/www.snc.com.tn\/#website","url":"https:\/\/www.snc.com.tn\/","name":"SNC | Soci\u00e9t\u00e9 Nouvelle de Construction","description":"snc tunisie, soci\u00e9t\u00e9 nouvelle de construction tunisie, production des produits sid\u00e9rurgiques tunisie, travaux de vrd tunisie, Trains de laminage tunisie, construction b\u00e2timent tunisie, travaux de g\u00e9nie civil tunisie, r\u00e9seaux divers tunisie, g\u00e9nie civil industriel tunisie, travaux de menuiseries en bois tunisie, :[fr]snc tunisia, the new construction company tunisia, production of steel products tunisia, vrd works tunisia, Rolling trains Tunisia, construction building tunisia, civil engineering works tunisia, various networks tunisia, industrial civil engineering tunisia, wooden carpentry work tunisia, :[En]snc \u062a\u0648\u0646\u0633\u060c \u0634\u0631\u0643\u0629 \u0627\u0644\u0628\u0646\u0627\u0621 \u0627\u0644\u062c\u062f\u064a\u062f\u0629 \u062a\u0648\u0646\u0633\u060c \u0627\u0646\u062a\u0627\u062c \u0645\u0646\u062a\u062c\u0627\u062a \u0627\u0644\u0635\u0644\u0628 \u0641\u064a \u062a\u0648\u0646\u0633\u060c \u0623\u0639\u0645\u0627\u0644 vrd \u062a\u0648\u0646\u0633\u060c \u0627\u0644\u0642\u0637\u0627\u0631\u0627\u062a \u0627\u0644\u0645\u062a\u062f\u062d\u0631\u062c\u0629 \u062a\u0648\u0646\u0633\u060c \u0628\u0646\u0627\u0621 \u0639\u0645\u0627\u0631\u0627\u062a \u062a\u0648\u0646\u0633\u060c \u0627\u0639\u0645\u0627\u0644 \u0627\u0644\u0647\u0646\u062f\u0633\u0629 \u0627\u0644\u0645\u062f\u0646\u064a\u0629 \u062a\u0648\u0646\u0633\u060c \u0645\u062e\u062a\u0644\u0641 \u0634\u0628\u0643\u0627\u062a \u062a\u0648\u0646\u0633\u060c \u0647\u0646\u062f\u0633\u0629 \u0645\u062f\u0646\u064a\u0629 \u0635\u0646\u0627\u0639\u064a\u0629 \u062a\u0648\u0646\u0633\u060c \u0646\u062c\u0627\u0631\u0629 \u062e\u0634\u0628\u064a\u0629 \u062a\u0648\u0646\u0633\u060c :[Ar]","potentialAction":[{"@type":"SearchAction","target":{"@type":"EntryPoint","urlTemplate":"https:\/\/www.snc.com.tn\/?s={search_term_string}"},"query-input":"required name=search_term_string"}],"inLanguage":"en-US"},{"@type":"WebPage","@id":"https:\/\/www.snc.com.tn\/en\/presentation\/#webpage","url":"https:\/\/www.snc.com.tn\/en\/presentation\/","name":"Presentation | SNC | Soci\u00e9t\u00e9 Nouvelle de Construction","isPartOf":{"@id":"https:\/\/www.snc.com.tn\/#website"},"datePublished":"2021-07-12T11:35:53+00:00","dateModified":"2021-07-12T11:35:53+00:00","description":"snc tunisie, soci\u00e9t\u00e9 nouvelle de construction tunisie, production des produits sid\u00e9rurgiques tunisie, travaux de vrd tunisie, Trains de laminage tunisie, construction b\u00e2timent tunisie, travaux de g\u00e9nie civil tunisie, r\u00e9seaux divers tunisie, g\u00e9nie civil industriel tunisie, travaux de menuiseries en bois tunisie, :[fr]snc tunisia, the new construction company tunisia, production of steel products tunisia, vrd works tunisia, Rolling trains Tunisia, construction building tunisia, civil engineering works tunisia, various networks tunisia, industrial civil engineering tunisia, wooden carpentry work tunisia, :[En]snc \u062a\u0648\u0646\u0633\u060c \u0634\u0631\u0643\u0629 \u0627\u0644\u0628\u0646\u0627\u0621 \u0627\u0644\u062c\u062f\u064a\u062f\u0629 \u062a\u0648\u0646\u0633\u060c \u0627\u0646\u062a\u0627\u062c \u0645\u0646\u062a\u062c\u0627\u062a \u0627\u0644\u0635\u0644\u0628 \u0641\u064a \u062a\u0648\u0646\u0633\u060c \u0623\u0639\u0645\u0627\u0644 vrd \u062a\u0648\u0646\u0633\u060c \u0627\u0644\u0642\u0637\u0627\u0631\u0627\u062a \u0627\u0644\u0645\u062a\u062f\u062d\u0631\u062c\u0629 \u062a\u0648\u0646\u0633\u060c \u0628\u0646\u0627\u0621 \u0639\u0645\u0627\u0631\u0627\u062a \u062a\u0648\u0646\u0633\u060c \u0627\u0639\u0645\u0627\u0644 \u0627\u0644\u0647\u0646\u062f\u0633\u0629 \u0627\u0644\u0645\u062f\u0646\u064a\u0629 \u062a\u0648\u0646\u0633\u060c \u0645\u062e\u062a\u0644\u0641 \u0634\u0628\u0643\u0627\u062a \u062a\u0648\u0646\u0633\u060c \u0647\u0646\u062f\u0633\u0629 \u0645\u062f\u0646\u064a\u0629 \u0635\u0646\u0627\u0639\u064a\u0629 \u062a\u0648\u0646\u0633\u060c \u0646\u062c\u0627\u0631\u0629 \u062e\u0634\u0628\u064a\u0629 \u062a\u0648\u0646\u0633\u060c :[Ar]","breadcrumb":{"@id":"https:\/\/www.snc.com.tn\/en\/presentation\/#breadcrumb"},"inLanguage":"en-US","potentialAction":[{"@type":"ReadAction","target":["https:\/\/www.snc.com.tn\/en\/presentation\/"]}]},{"@type":"BreadcrumbList","@id":"https:\/\/www.snc.com.tn\/en\/presentation\/#breadcrumb","itemListElement":[{"@type":"ListItem","position":1,"name":"Accueil","item":"https:\/\/www.snc.com.tn\/en\/"},{"@type":"ListItem","position":2,"name":"Presentation"}]}]}},"_links":{"self":[{"href":"https:\/\/www.snc.com.tn\/en\/wp-json\/wp\/v2\/pages\/75871"}],"collection":[{"href":"https:\/\/www.snc.com.tn\/en\/wp-json\/wp\/v2\/pages"}],"about":[{"href":"https:\/\/www.snc.com.tn\/en\/wp-json\/wp\/v2\/types\/page"}],"author":[{"embeddable":true,"href":"https:\/\/www.snc.com.tn\/en\/wp-json\/wp\/v2\/users\/1"}],"replies":[{"embeddable":true,"href":"https:\/\/www.snc.com.tn\/en\/wp-json\/wp\/v2\/comments?post=75871"}],"version-history":[{"count":2,"href":"https:\/\/www.snc.com.tn\/en\/wp-json\/wp\/v2\/pages\/75871\/revisions"}],"predecessor-version":[{"id":75873,"href":"https:\/\/www.snc.com.tn\/en\/wp-json\/wp\/v2\/pages\/75871\/revisions\/75873"}],"wp:attachment":[{"href":"https:\/\/www.snc.com.tn\/en\/wp-json\/wp\/v2\/media?parent=75871"}],"curies":[{"name":"wp","href":"https:\/\/api.w.org\/{rel}","templated":true}]}}